{"id":1320,"date":"2019-03-14T10:49:03","date_gmt":"2019-03-14T10:49:03","guid":{"rendered":"https:\/\/senaiplaw.com\/?page_id=1320"},"modified":"2021-01-28T16:07:29","modified_gmt":"2021-01-28T16:07:29","slug":"giuseppe-sena","status":"publish","type":"page","link":"https:\/\/www.senaiplaw.com\/fr\/gli-avvocati\/giuseppe-sena\/","title":{"rendered":"Giuseppe Sena"},"content":{"rendered":"<p>[et_pb_section fb_built=\u00a0\u00bb1&Prime; admin_label=\u00a0\u00bbWhy Choose Us Section\u00a0\u00bb _builder_version=\u00a0\u00bb3.22&Prime; background_color=\u00a0\u00bb#63262e\u00a0\u00bb custom_padding=\u00a0\u00bb0px||0px|\u00a0\u00bb][et_pb_row column_structure=\u00a0\u00bb1_2,1_2&Prime; make_equal=\u00a0\u00bbon\u00a0\u00bb admin_label=\u00a0\u00bbWhy Choose Us Area\u00a0\u00bb _builder_version=\u00a0\u00bb4.8.1&Prime; width=\u00a0\u00bb100%\u00a0\u00bb max_width=\u00a0\u00bb100%\u00a0\u00bb custom_margin=\u00a0\u00bb|||\u00a0\u00bb custom_padding=\u00a0\u00bb0px|0px|0px|\u00a0\u00bb use_custom_width=\u00a0\u00bbon\u00a0\u00bb width_unit=\u00a0\u00bboff\u00a0\u00bb custom_width_percent=\u00a0\u00bb100%\u00a0\u00bb][et_pb_column type=\u00a0\u00bb1_2&Prime; _builder_version=\u00a0\u00bb4.8.1&Prime; background_image=\u00a0\u00bbhttps:\/\/senaiplaw.com\/wp-content\/uploads\/2019\/01\/Professore_AZI_8571-5c5067c494964.jpg\u00a0\u00bb background_position=\u00a0\u00bbtop_center\u00a0\u00bb custom_padding=\u00a0\u00bb|||\u00a0\u00bb custom_padding__hover=\u00a0\u00bb|||\u00a0\u00bb][et_pb_image src=\u00a0\u00bbhttps:\/\/senaiplaw.com\/wp-content\/uploads\/2019\/01\/Professore_AZI_8571-5c5067c494964.jpg\u00a0\u00bb show_bottom_space=\u00a0\u00bboff\u00a0\u00bb force_fullwidth=\u00a0\u00bbon\u00a0\u00bb align_tablet=\u00a0\u00bbcenter\u00a0\u00bb align_phone=\u00a0\u00bb\u00a0\u00bb align_last_edited=\u00a0\u00bbon|desktop\u00a0\u00bb disabled_on=\u00a0\u00bbon|on|on\u00a0\u00bb _builder_version=\u00a0\u00bb3.23&Prime; disabled=\u00a0\u00bbon\u00a0\u00bb][\/et_pb_image][\/et_pb_column][et_pb_column type=\u00a0\u00bb1_2&Prime; _builder_version=\u00a0\u00bb3.25&Prime; custom_padding=\u00a0\u00bb80px|5%|80px|\u00a0\u00bb custom_padding_tablet=\u00a0\u00bb|10%||10%\u00a0\u00bb custom_padding_phone=\u00a0\u00bb\u00a0\u00bb custom_padding_last_edited=\u00a0\u00bbon|tablet\u00a0\u00bb custom_padding__hover=\u00a0\u00bb|||\u00a0\u00bb][et_pb_text admin_label=\u00a0\u00bbTitle\u00a0\u00bb _builder_version=\u00a0\u00bb4.8.1&Prime; header_2_font=\u00a0\u00bbPrata||||||||\u00a0\u00bb header_2_font_size=\u00a0\u00bb48px\u00a0\u00bb header_2_line_height=\u00a0\u00bb1.6em\u00a0\u00bb background_layout=\u00a0\u00bbdark\u00a0\u00bb custom_margin=\u00a0\u00bb||10px|\u00a0\u00bb animation_style=\u00a0\u00bbslide\u00a0\u00bb animation_direction=\u00a0\u00bbright\u00a0\u00bb animation_intensity_slide=\u00a0\u00bb5%\u00a0\u00bb animation_starting_opacity=\u00a0\u00bb100%\u00a0\u00bb hover_enabled=\u00a0\u00bb0&Prime; header_2_font_size_tablet=\u00a0\u00bb40px\u00a0\u00bb header_2_font_size_phone=\u00a0\u00bb\u00a0\u00bb header_2_font_size_last_edited=\u00a0\u00bbon|tablet\u00a0\u00bb locked=\u00a0\u00bboff\u00a0\u00bb sticky_enabled=\u00a0\u00bb0&Prime;]<\/p>\n<h1 class=\"title\">Avv. Prof. Giuseppe Sena<\/h1>\n<h5>Partner<\/h5>\n<p><span style=\"color: #ffffff;\"><a style=\"color: #ffffff;\" href=\"mailto:gsena@senaiplaw.com\" target=\"_blank\" rel=\"noopener\">gsena@senaiplaw.com<\/a><\/span><\/p>\n<p>[\/et_pb_text][et_pb_divider color=\u00a0\u00bb#b57d88&Prime; divider_position=\u00a0\u00bbcenter\u00a0\u00bb divider_weight=\u00a0\u00bb2px\u00a0\u00bb _builder_version=\u00a0\u00bb3.19.4&Prime; max_width=\u00a0\u00bb70px\u00a0\u00bb custom_margin=\u00a0\u00bb||35px|\u00a0\u00bb animation_style=\u00a0\u00bbslide\u00a0\u00bb animation_direction=\u00a0\u00bbright\u00a0\u00bb animation_intensity_slide=\u00a0\u00bb5%\u00a0\u00bb animation_starting_opacity=\u00a0\u00bb100%\u00a0\u00bb saved_tabs=\u00a0\u00bball\u00a0\u00bb locked=\u00a0\u00bboff\u00a0\u00bb][\/et_pb_divider][et_pb_image src=\u00a0\u00bbhttps:\/\/senaiplaw.com\/wp-content\/uploads\/2019\/01\/Professore_AZI_8571-5c5067c494964.jpg\u00a0\u00bb show_bottom_space=\u00a0\u00bboff\u00a0\u00bb force_fullwidth=\u00a0\u00bbon\u00a0\u00bb align_tablet=\u00a0\u00bbcenter\u00a0\u00bb align_phone=\u00a0\u00bb\u00a0\u00bb align_last_edited=\u00a0\u00bbon|desktop\u00a0\u00bb disabled_on=\u00a0\u00bboff|off|on\u00a0\u00bb _builder_version=\u00a0\u00bb3.23&Prime; custom_margin=\u00a0\u00bb||30px|\u00a0\u00bb][\/et_pb_image][et_pb_text module_id=\u00a0\u00bbprofiloAvv\u00a0\u00bb _builder_version=\u00a0\u00bb3.27.4&Prime; text_line_height=\u00a0\u00bb1.8em\u00a0\u00bb header_3_font=\u00a0\u00bbRoboto Slab||||||||\u00a0\u00bb header_3_line_height=\u00a0\u00bb1.4em\u00a0\u00bb background_layout=\u00a0\u00bbdark\u00a0\u00bb custom_margin=\u00a0\u00bb|||\u00a0\u00bb animation_style=\u00a0\u00bbslide\u00a0\u00bb animation_direction=\u00a0\u00bbright\u00a0\u00bb animation_intensity_slide=\u00a0\u00bb5%\u00a0\u00bb animation_starting_opacity=\u00a0\u00bb100%\u00a0\u00bb]<\/p>\n<p>Dipl\u00f4m\u00e9 en 1952 \u00e0 l&rsquo;Universit\u00e9 de Milan, il devient professeur en Droit de la Propri\u00e9t\u00e9 Industrielle en 1956.<\/p>\n<p>Inscrit au Barreau de Milan depuis 1954 et habilit\u00e9 \u00e0 plaider devant la Cour de Cassation depuis 1965.<\/p>\n<p>Professeur Em\u00e9rite de Droit Industriel \u00e0 l&rsquo;Universit\u00e9 de Milan.<\/p>\n<p>Il a enseign\u00e9 \u00e0 l&rsquo;Universit\u00e9 de Ferrara \u00e0 partir de 1956 en tant que charg\u00e9 de cours et, \u00e0 partir de 1963, comme Professeur extraordinaire puis Professeur ordinaire de Droit Industriel et de Droit Commercial, toujours \u00e0 l&rsquo;Universit\u00e9 de Ferrara.<br \/>A partir de 1970, il a \u00e9t\u00e9 titulaire de la chaire de Droit de la Propri\u00e9t\u00e9 Industrielle \u00e0 l&rsquo;Universit\u00e9 de Milan.\u00a0<\/p>\n<p>Auteur de plusieurs ouvrages en mati\u00e8re de Droit Commercial et Industriel (L&rsquo;interpr\u00e9tation du brevet, Milan 1955; Le vote \u00e0 l&rsquo;Assembl\u00e9e des soci\u00e9t\u00e9s par actions, Milan 1961;\u00a0 Le boycott &#8211; un aspect du droit de la concurrence, Milan 1970; Les droits sur les inventions et les dessins industriels, Milan, 1976, 1984, 1990; Les droits sur les inventions et les mod\u00e8les d&rsquo;utilit\u00e9, Milan 2011; Le nouveau Droit des marques &#8211; marque nationale et marque communautaire, Milan, 1994, 1998, 2001, 2007), ainsi que de nombreux articles publi\u00e9s dans des revues italiennes et \u00e9trang\u00e8res.\u00a0Il a \u00e9t\u00e9 membre de plusieurs commissions du Minist\u00e8re de l&rsquo;Industrie pour l&rsquo;\u00e9laboration des r\u00e9formes les plus importantes du droit industriel, des brevets (1979), puis des marques de commerce (1992) et de la propri\u00e9t\u00e9 industrielle en g\u00e9n\u00e9ral (1996 et 2010) .\u00a0\u00a0Directeur de la Rivista di Diritto Industriale.\u00a0Ancien Directeur du magazine Italian Intellectual Property, qu&rsquo;il a fond\u00e9.<\/p>\n<p>Pr\u00e9sident Honoraire de la LIDC (Ligue Internationale du Droit de la Concurrence) et Pr\u00e9sident du groupe italien.\u00a0Pr\u00e9sident et fondateur dell&rsquo;ISDIR (Institut\u00a0 d&rsquo;Etudes du Droit Indutriel).\u00a0Membre de l&rsquo;AIPPI (Association Internationale pour la Protection de la Propri\u00e9t\u00e9 Intellectuelle), INDICAM (Institut Centromarca pour la lutte contre la contrefa\u00e7on) et LES (Licensing Executives Society).<br \/>Pr\u00e9sident et Rapporteur lors de Congr\u00e8s nationaux et internationaux.<\/p>\n<p>Langues de travail: italien, anglais et fran\u00e7ais.<\/p>\n<p>[\/et_pb_text][\/et_pb_column][\/et_pb_row][\/et_pb_section][et_pb_section fb_built=\u00a0\u00bb1&Prime; module_id=\u00a0\u00bblistaAvvocati\u00a0\u00bb _builder_version=\u00a0\u00bb3.20.1&Prime; global_module=\u00a0\u00bb1323&Prime;][et_pb_row admin_label=\u00a0\u00bbService Area\u00a0\u00bb _builder_version=\u00a0\u00bb3.25&Prime; custom_margin=\u00a0\u00bb0px|||\u00a0\u00bb custom_padding=\u00a0\u00bb0px|||\u00a0\u00bb][et_pb_column type=\u00a0\u00bb4_4&Prime; _builder_version=\u00a0\u00bb3.25&Prime; custom_padding=\u00a0\u00bb|||\u00a0\u00bb custom_padding__hover=\u00a0\u00bb|||\u00a0\u00bb][et_pb_text admin_label=\u00a0\u00bbTitle\u00a0\u00bb _builder_version=\u00a0\u00bb3.27.4&Prime; header_text_color=\u00a0\u00bb#333333&Prime; header_2_font=\u00a0\u00bbPrata||||||||\u00a0\u00bb header_2_text_align=\u00a0\u00bbcenter\u00a0\u00bb header_2_font_size=\u00a0\u00bb48px\u00a0\u00bb header_2_line_height=\u00a0\u00bb1.6em\u00a0\u00bb text_orientation=\u00a0\u00bbcenter\u00a0\u00bb module_alignment=\u00a0\u00bbcenter\u00a0\u00bb custom_margin=\u00a0\u00bb||10px|\u00a0\u00bb custom_padding=\u00a0\u00bb|||\u00a0\u00bb animation_style=\u00a0\u00bbfade\u00a0\u00bb header_2_font_size_tablet=\u00a0\u00bb40px\u00a0\u00bb header_2_font_size_phone=\u00a0\u00bb\u00a0\u00bb header_2_font_size_last_edited=\u00a0\u00bbon|tablet\u00a0\u00bb]<\/p>\n<h3><a class=\"dropdown-toggle\" title=\"Les Avocats - Sena e Tarchini\" role=\"button\" data-toggle=\"dropdown\" aria-haspopup=\"true\" aria-expanded=\"true\">\u00a0Avocats\u00a0<\/a><\/h3>\n<p>[\/et_pb_text][et_pb_divider color=\u00a0\u00bb#b57d88&Prime; divider_position=\u00a0\u00bbcenter\u00a0\u00bb divider_weight=\u00a0\u00bb2px\u00a0\u00bb _builder_version=\u00a0\u00bb3.19.4&Prime; max_width=\u00a0\u00bb70px\u00a0\u00bb module_alignment=\u00a0\u00bbcenter\u00a0\u00bb animation_style=\u00a0\u00bbslide\u00a0\u00bb animation_direction=\u00a0\u00bbtop\u00a0\u00bb animation_intensity_slide=\u00a0\u00bb10%\u00a0\u00bb animation_starting_opacity=\u00a0\u00bb100%\u00a0\u00bb locked=\u00a0\u00bboff\u00a0\u00bb][\/et_pb_divider][\/et_pb_column][\/et_pb_row][et_pb_row column_structure=\u00a0\u00bb1_3,1_3,1_3&Prime; admin_label=\u00a0\u00bbService Area\u00a0\u00bb _builder_version=\u00a0\u00bb3.25&Prime; custom_margin=\u00a0\u00bb0px||0px|\u00a0\u00bb custom_margin_tablet=\u00a0\u00bb\u00a0\u00bb custom_margin_phone=\u00a0\u00bb\u00a0\u00bb custom_margin_last_edited=\u00a0\u00bbon|desktop\u00a0\u00bb custom_padding=\u00a0\u00bb0px||0px|\u00a0\u00bb][et_pb_column type=\u00a0\u00bb1_3&Prime; _builder_version=\u00a0\u00bb3.25&Prime; custom_padding=\u00a0\u00bb|||\u00a0\u00bb custom_padding__hover=\u00a0\u00bb|||\u00a0\u00bb][et_pb_blurb title=\u00a0\u00bbAvv. Prof. Giuseppe Sena\u00a0\u00bb image=\u00a0\u00bbhttps:\/\/senaiplaw.com\/wp-content\/uploads\/2019\/02\/marchio.svg\u00a0\u00bb content_max_width=\u00a0\u00bb300px\u00a0\u00bb admin_label=\u00a0\u00bbAvv. Prof. Giuseppe Sena\u00a0\u00bb _builder_version=\u00a0\u00bb4.8.1&Prime; header_text_color=\u00a0\u00bb#a42229&Prime; header_font_size=\u00a0\u00bb20px\u00a0\u00bb header_line_height=\u00a0\u00bb1.8em\u00a0\u00bb body_font_size=\u00a0\u00bb16px\u00a0\u00bb body_line_height=\u00a0\u00bb1.8em\u00a0\u00bb text_orientation=\u00a0\u00bbcenter\u00a0\u00bb animation_style=\u00a0\u00bbfade\u00a0\u00bb link_option_url=\u00a0\u00bb\/fr\/gli-avvocati\/giuseppe-sena\/\u00a0\u00bb custom_css_blurb_image=\u00a0\u00bbmax-height:40px;\u00a0\u00bb][\/et_pb_blurb][\/et_pb_column][et_pb_column type=\u00a0\u00bb1_3&Prime; _builder_version=\u00a0\u00bb3.25&Prime; custom_padding=\u00a0\u00bb|||\u00a0\u00bb custom_padding__hover=\u00a0\u00bb|||\u00a0\u00bb][et_pb_blurb title=\u00a0\u00bbAvv. Giancarlo Del Corno\u00a0\u00bb image=\u00a0\u00bbhttps:\/\/senaiplaw.com\/wp-content\/uploads\/2019\/02\/marchio.svg\u00a0\u00bb content_max_width=\u00a0\u00bb300px\u00a0\u00bb admin_label=\u00a0\u00bbGiancarlo Del Corno\u00a0\u00bb _builder_version=\u00a0\u00bb4.8.1&Prime; header_text_color=\u00a0\u00bb#a42229&Prime; header_font_size=\u00a0\u00bb20px\u00a0\u00bb header_line_height=\u00a0\u00bb1.8em\u00a0\u00bb body_font_size=\u00a0\u00bb16px\u00a0\u00bb body_line_height=\u00a0\u00bb1.8em\u00a0\u00bb text_orientation=\u00a0\u00bbcenter\u00a0\u00bb animation_style=\u00a0\u00bbfade\u00a0\u00bb link_option_url=\u00a0\u00bb\/fr\/gli-avvocati\/giancarlo-del-corno\/\u00a0\u00bb custom_css_blurb_image=\u00a0\u00bbmax-height:40px;\u00a0\u00bb]<\/p>\n<p>Iscritto all\u2019Albo degli Avvocati di Milano dal 1991 ed all\u2019Albo speciale della Cassazione dal 2004. \u00a0<\/p>\n<p>[\/et_pb_blurb][\/et_pb_column][et_pb_column type=\u00a0\u00bb1_3&Prime; _builder_version=\u00a0\u00bb3.25&Prime; custom_padding=\u00a0\u00bb|||\u00a0\u00bb custom_padding__hover=\u00a0\u00bb|||\u00a0\u00bb][et_pb_blurb title=\u00a0\u00bbAvv. Francesca La Rocca Sena\u00a0\u00bb image=\u00a0\u00bbhttps:\/\/senaiplaw.com\/wp-content\/uploads\/2019\/02\/idee.svg\u00a0\u00bb content_max_width=\u00a0\u00bb300px\u00a0\u00bb admin_label=\u00a0\u00bbFrancesca La Rocca\u00a0\u00bb _builder_version=\u00a0\u00bb4.8.1&Prime; header_text_color=\u00a0\u00bb#a42229&Prime; header_font_size=\u00a0\u00bb20px\u00a0\u00bb header_line_height=\u00a0\u00bb1.8em\u00a0\u00bb body_font_size=\u00a0\u00bb16px\u00a0\u00bb body_line_height=\u00a0\u00bb1.8em\u00a0\u00bb text_orientation=\u00a0\u00bbcenter\u00a0\u00bb animation_style=\u00a0\u00bbfade\u00a0\u00bb link_option_url=\u00a0\u00bb\/fr\/gli-avvocati\/francesca-la-rocca\/\u00a0\u00bb locked=\u00a0\u00bboff\u00a0\u00bb]<\/p>\n<p>Iscritta all\u2019Albo degli Avvocati di Milano dal 2014. \u00a0<\/p>\n<p>[\/et_pb_blurb][\/et_pb_column][\/et_pb_row][et_pb_row column_structure=\u00a0\u00bb1_3,1_3,1_3&Prime; admin_label=\u00a0\u00bbService Area\u00a0\u00bb _builder_version=\u00a0\u00bb3.25&Prime; custom_margin=\u00a0\u00bb0px||0px|\u00a0\u00bb custom_padding=\u00a0\u00bb0px||0px|\u00a0\u00bb][et_pb_column type=\u00a0\u00bb1_3&Prime; _builder_version=\u00a0\u00bb3.25&Prime; custom_padding=\u00a0\u00bb|||\u00a0\u00bb custom_padding__hover=\u00a0\u00bb|||\u00a0\u00bb][et_pb_blurb title=\u00a0\u00bbAvv. Elisabetta Berti Arnoaldi Veli\u00a0\u00bb image=\u00a0\u00bbhttps:\/\/senaiplaw.com\/wp-content\/uploads\/2019\/02\/idee.svg\u00a0\u00bb content_max_width=\u00a0\u00bb300px\u00a0\u00bb admin_label=\u00a0\u00bbElisabetta Berti Arnoaldi Veli\u00a0\u00bb _builder_version=\u00a0\u00bb4.8.1&Prime; header_text_color=\u00a0\u00bb#a42229&Prime; header_font_size=\u00a0\u00bb20px\u00a0\u00bb header_line_height=\u00a0\u00bb1.8em\u00a0\u00bb body_font_size=\u00a0\u00bb16px\u00a0\u00bb body_line_height=\u00a0\u00bb1.8em\u00a0\u00bb text_orientation=\u00a0\u00bbcenter\u00a0\u00bb animation_style=\u00a0\u00bbfade\u00a0\u00bb link_option_url=\u00a0\u00bb\/fr\/gli-avvocati\/elisabetta-berti-arnoaldi-veli\/\u00a0\u00bb locked=\u00a0\u00bboff\u00a0\u00bb]<\/p>\n<p>\nIscritta all\u2019Albo degli Avvocati di Bologna dal 1990 ed all\u2019Albo speciale della Cassazione dal 2003.<\/p>\n<p>&nbsp;<\/p>\n<p>[\/et_pb_blurb][\/et_pb_column][et_pb_column type=\u00a0\u00bb1_3&Prime; _builder_version=\u00a0\u00bb3.25&Prime; custom_padding=\u00a0\u00bb|||\u00a0\u00bb custom_padding__hover=\u00a0\u00bb|||\u00a0\u00bb][et_pb_blurb title=\u00a0\u00bbAvv. Paola Tarchini\u00a0\u00bb image=\u00a0\u00bbhttps:\/\/senaiplaw.com\/wp-content\/uploads\/2019\/02\/autori.svg\u00a0\u00bb content_max_width=\u00a0\u00bb300px\u00a0\u00bb admin_label=\u00a0\u00bbAvv. Paola Tarchini\u00a0\u00bb _builder_version=\u00a0\u00bb3.20.1&Prime; header_text_color=\u00a0\u00bb#a42229&Prime; header_font_size=\u00a0\u00bb20px\u00a0\u00bb header_line_height=\u00a0\u00bb1.8em\u00a0\u00bb body_font_size=\u00a0\u00bb16px\u00a0\u00bb body_line_height=\u00a0\u00bb1.8em\u00a0\u00bb text_orientation=\u00a0\u00bbcenter\u00a0\u00bb animation_style=\u00a0\u00bbfade\u00a0\u00bb link_option_url=\u00a0\u00bb\/fr\/gli-avvocati\/paola-tarchini\/\u00a0\u00bb locked=\u00a0\u00bboff\u00a0\u00bb][\/et_pb_blurb][\/et_pb_column][et_pb_column type=\u00a0\u00bb1_3&Prime; _builder_version=\u00a0\u00bb3.25&Prime; custom_padding=\u00a0\u00bb|||\u00a0\u00bb custom_padding__hover=\u00a0\u00bb|||\u00a0\u00bb][et_pb_blurb title=\u00a0\u00bbAvv. Claudio Maria Furlani\u00a0\u00bb image=\u00a0\u00bbhttps:\/\/senaiplaw.com\/wp-content\/uploads\/2019\/02\/autori.svg\u00a0\u00bb content_max_width=\u00a0\u00bb300px\u00a0\u00bb admin_label=\u00a0\u00bbClaudio Maria Furlani\u00a0\u00bb _builder_version=\u00a0\u00bb4.8.1&Prime; header_text_color=\u00a0\u00bb#a42229&Prime; header_font_size=\u00a0\u00bb20px\u00a0\u00bb header_line_height=\u00a0\u00bb1.8em\u00a0\u00bb body_font_size=\u00a0\u00bb16px\u00a0\u00bb body_line_height=\u00a0\u00bb1.8em\u00a0\u00bb text_orientation=\u00a0\u00bbcenter\u00a0\u00bb animation_style=\u00a0\u00bbfade\u00a0\u00bb link_option_url=\u00a0\u00bb\/fr\/gli-avvocati\/claudio-maria-furlani\/\u00a0\u00bb locked=\u00a0\u00bboff\u00a0\u00bb]<\/p>\n<p>Iscritto all\u2019Albo degli Avvocati di Milano dal 2008. \u00a0<\/p>\n<p>[\/et_pb_blurb][\/et_pb_column][\/et_pb_row][et_pb_row column_structure=\u00a0\u00bb1_2,1_2&Prime; admin_label=\u00a0\u00bbService Area\u00a0\u00bb _builder_version=\u00a0\u00bb3.25&Prime; custom_margin=\u00a0\u00bb0px||0px|\u00a0\u00bb custom_padding=\u00a0\u00bb0px||0px|\u00a0\u00bb][et_pb_column type=\u00a0\u00bb1_2&Prime; _builder_version=\u00a0\u00bb3.25&Prime; custom_padding=\u00a0\u00bb|||\u00a0\u00bb custom_padding__hover=\u00a0\u00bb|||\u00a0\u00bb][\/et_pb_column][et_pb_column type=\u00a0\u00bb1_2&Prime; _builder_version=\u00a0\u00bb3.25&Prime; custom_padding=\u00a0\u00bb|||\u00a0\u00bb custom_padding__hover=\u00a0\u00bb|||\u00a0\u00bb][\/et_pb_column][\/et_pb_row][\/et_pb_section]<\/p>\n","protected":false},"excerpt":{"rendered":"<p>Avv. Prof. Giuseppe Sena Partner gsena@senaiplaw.com Dipl\u00f4m\u00e9 en 1952 \u00e0 l&rsquo;Universit\u00e9 de Milan, il devient professeur en Droit de la Propri\u00e9t\u00e9 Industrielle en 1956.Inscrit au Barreau de Milan depuis 1954 et habilit\u00e9 \u00e0 plaider devant la Cour de Cassation depuis 1965.Professeur Em\u00e9rite de Droit Industriel \u00e0 l&rsquo;Universit\u00e9 de Milan.Il a enseign\u00e9 \u00e0 l&rsquo;Universit\u00e9 de Ferrara [&hellip;]<\/p>\n","protected":false},"author":2,"featured_media":0,"parent":935,"menu_order":0,"comment_status":"closed","ping_status":"closed","template":"","meta":{"_et_pb_use_builder":"on","_et_pb_old_content":"","_et_gb_content_width":""},"yoast_head":"<!-- This site is optimized with the Yoast SEO plugin v18.2 - https:\/\/yoast.com\/wordpress\/plugins\/seo\/ -->\n<title>Giuseppe Sena - Sena &amp; Partners<\/title>\n<meta name=\"robots\" content=\"index, follow, max-snippet:-1, max-image-preview:large, max-video-preview:-1\" \/>\n<link rel=\"canonical\" href=\"https:\/\/www.senaiplaw.com\/fr\/gli-avvocati\/giuseppe-sena\/\" \/>\n<meta property=\"og:locale\" content=\"fr_FR\" \/>\n<meta property=\"og:type\" content=\"article\" \/>\n<meta property=\"og:title\" content=\"Giuseppe Sena - Sena &amp; Partners\" \/>\n<meta property=\"og:description\" content=\"Avv. Prof. Giuseppe Sena Partner gsena@senaiplaw.com Dipl\u00f4m\u00e9 en 1952 \u00e0 l&#039;Universit\u00e9 de Milan, il devient professeur en Droit de la Propri\u00e9t\u00e9 Industrielle en 1956.Inscrit au Barreau de Milan depuis 1954 et habilit\u00e9 \u00e0 plaider devant la Cour de Cassation depuis 1965.Professeur Em\u00e9rite de Droit Industriel \u00e0 l&#039;Universit\u00e9 de Milan.Il a enseign\u00e9 \u00e0 l&#039;Universit\u00e9 de Ferrara [&hellip;]\" \/>\n<meta property=\"og:url\" content=\"https:\/\/www.senaiplaw.com\/fr\/gli-avvocati\/giuseppe-sena\/\" \/>\n<meta property=\"og:site_name\" content=\"Sena &amp; Partners\" \/>\n<meta property=\"article:modified_time\" content=\"2021-01-28T16:07:29+00:00\" \/>\n<meta property=\"og:image\" content=\"https:\/\/www.senaiplaw.com\/wp-content\/uploads\/2021\/01\/Sena.jpg\" \/>\n\t<meta property=\"og:image:width\" content=\"1200\" \/>\n\t<meta property=\"og:image:height\" content=\"1200\" \/>\n\t<meta property=\"og:image:type\" content=\"image\/jpeg\" \/>\n<meta name=\"twitter:card\" content=\"summary_large_image\" \/>\n<meta name=\"twitter:label1\" content=\"Dur\u00e9e de lecture estim\u00e9e\" \/>\n\t<meta name=\"twitter:data1\" content=\"7 minutes\" \/>\n<script type=\"application\/ld+json\" class=\"yoast-schema-graph\">{\"@context\":\"https:\/\/schema.org\",\"@graph\":[{\"@type\":\"Organization\",\"@id\":\"https:\/\/www.senaiplaw.com\/#organization\",\"name\":\"Studio Sena & Partners\",\"url\":\"https:\/\/www.senaiplaw.com\/\",\"sameAs\":[],\"logo\":{\"@type\":\"ImageObject\",\"@id\":\"https:\/\/www.senaiplaw.com\/#logo\",\"inLanguage\":\"fr-FR\",\"url\":\"https:\/\/senaiplaw.com\/wp-content\/uploads\/2021\/01\/SenaPartners.svg\",\"contentUrl\":\"https:\/\/senaiplaw.com\/wp-content\/uploads\/2021\/01\/SenaPartners.svg\",\"width\":448,\"height\":34,\"caption\":\"Studio Sena & Partners\"},\"image\":{\"@id\":\"https:\/\/www.senaiplaw.com\/#logo\"}},{\"@type\":\"WebSite\",\"@id\":\"https:\/\/www.senaiplaw.com\/#website\",\"url\":\"https:\/\/www.senaiplaw.com\/\",\"name\":\"Sena &amp; Partners\",\"description\":\"Studio legale\",\"publisher\":{\"@id\":\"https:\/\/www.senaiplaw.com\/#organization\"},\"potentialAction\":[{\"@type\":\"SearchAction\",\"target\":{\"@type\":\"EntryPoint\",\"urlTemplate\":\"https:\/\/www.senaiplaw.com\/?s={search_term_string}\"},\"query-input\":\"required name=search_term_string\"}],\"inLanguage\":\"fr-FR\"},{\"@type\":\"WebPage\",\"@id\":\"https:\/\/www.senaiplaw.com\/fr\/gli-avvocati\/giuseppe-sena\/#webpage\",\"url\":\"https:\/\/www.senaiplaw.com\/fr\/gli-avvocati\/giuseppe-sena\/\",\"name\":\"Giuseppe Sena - Sena &amp; Partners\",\"isPartOf\":{\"@id\":\"https:\/\/www.senaiplaw.com\/#website\"},\"datePublished\":\"2019-03-14T10:49:03+00:00\",\"dateModified\":\"2021-01-28T16:07:29+00:00\",\"breadcrumb\":{\"@id\":\"https:\/\/www.senaiplaw.com\/fr\/gli-avvocati\/giuseppe-sena\/#breadcrumb\"},\"inLanguage\":\"fr-FR\",\"potentialAction\":[{\"@type\":\"ReadAction\",\"target\":[\"https:\/\/www.senaiplaw.com\/fr\/gli-avvocati\/giuseppe-sena\/\"]}]},{\"@type\":\"BreadcrumbList\",\"@id\":\"https:\/\/www.senaiplaw.com\/fr\/gli-avvocati\/giuseppe-sena\/#breadcrumb\",\"itemListElement\":[{\"@type\":\"ListItem\",\"position\":1,\"name\":\"Home\",\"item\":\"https:\/\/www.senaiplaw.com\/fr\/\"},{\"@type\":\"ListItem\",\"position\":2,\"name\":\"Gli avvocati\",\"item\":\"https:\/\/www.senaiplaw.com\/fr\/gli-avvocati\/\"},{\"@type\":\"ListItem\",\"position\":3,\"name\":\"Giuseppe Sena\"}]}]}<\/script>\n<!-- \/ Yoast SEO plugin. -->","yoast_head_json":{"title":"Giuseppe Sena - Sena &amp; Partners","robots":{"index":"index","follow":"follow","max-snippet":"max-snippet:-1","max-image-preview":"max-image-preview:large","max-video-preview":"max-video-preview:-1"},"canonical":"https:\/\/www.senaiplaw.com\/fr\/gli-avvocati\/giuseppe-sena\/","og_locale":"fr_FR","og_type":"article","og_title":"Giuseppe Sena - Sena &amp; Partners","og_description":"Avv. Prof. Giuseppe Sena Partner gsena@senaiplaw.com Dipl\u00f4m\u00e9 en 1952 \u00e0 l'Universit\u00e9 de Milan, il devient professeur en Droit de la Propri\u00e9t\u00e9 Industrielle en 1956.Inscrit au Barreau de Milan depuis 1954 et habilit\u00e9 \u00e0 plaider devant la Cour de Cassation depuis 1965.Professeur Em\u00e9rite de Droit Industriel \u00e0 l'Universit\u00e9 de Milan.Il a enseign\u00e9 \u00e0 l'Universit\u00e9 de Ferrara [&hellip;]","og_url":"https:\/\/www.senaiplaw.com\/fr\/gli-avvocati\/giuseppe-sena\/","og_site_name":"Sena &amp; Partners","article_modified_time":"2021-01-28T16:07:29+00:00","og_image":[{"width":1200,"height":1200,"url":"https:\/\/www.senaiplaw.com\/wp-content\/uploads\/2021\/01\/Sena.jpg","type":"image\/jpeg"}],"twitter_card":"summary_large_image","twitter_misc":{"Dur\u00e9e de lecture estim\u00e9e":"7 minutes"},"schema":{"@context":"https:\/\/schema.org","@graph":[{"@type":"Organization","@id":"https:\/\/www.senaiplaw.com\/#organization","name":"Studio Sena & Partners","url":"https:\/\/www.senaiplaw.com\/","sameAs":[],"logo":{"@type":"ImageObject","@id":"https:\/\/www.senaiplaw.com\/#logo","inLanguage":"fr-FR","url":"https:\/\/senaiplaw.com\/wp-content\/uploads\/2021\/01\/SenaPartners.svg","contentUrl":"https:\/\/senaiplaw.com\/wp-content\/uploads\/2021\/01\/SenaPartners.svg","width":448,"height":34,"caption":"Studio Sena & Partners"},"image":{"@id":"https:\/\/www.senaiplaw.com\/#logo"}},{"@type":"WebSite","@id":"https:\/\/www.senaiplaw.com\/#website","url":"https:\/\/www.senaiplaw.com\/","name":"Sena &amp; Partners","description":"Studio legale","publisher":{"@id":"https:\/\/www.senaiplaw.com\/#organization"},"potentialAction":[{"@type":"SearchAction","target":{"@type":"EntryPoint","urlTemplate":"https:\/\/www.senaiplaw.com\/?s={search_term_string}"},"query-input":"required name=search_term_string"}],"inLanguage":"fr-FR"},{"@type":"WebPage","@id":"https:\/\/www.senaiplaw.com\/fr\/gli-avvocati\/giuseppe-sena\/#webpage","url":"https:\/\/www.senaiplaw.com\/fr\/gli-avvocati\/giuseppe-sena\/","name":"Giuseppe Sena - Sena &amp; Partners","isPartOf":{"@id":"https:\/\/www.senaiplaw.com\/#website"},"datePublished":"2019-03-14T10:49:03+00:00","dateModified":"2021-01-28T16:07:29+00:00","breadcrumb":{"@id":"https:\/\/www.senaiplaw.com\/fr\/gli-avvocati\/giuseppe-sena\/#breadcrumb"},"inLanguage":"fr-FR","potentialAction":[{"@type":"ReadAction","target":["https:\/\/www.senaiplaw.com\/fr\/gli-avvocati\/giuseppe-sena\/"]}]},{"@type":"BreadcrumbList","@id":"https:\/\/www.senaiplaw.com\/fr\/gli-avvocati\/giuseppe-sena\/#breadcrumb","itemListElement":[{"@type":"ListItem","position":1,"name":"Home","item":"https:\/\/www.senaiplaw.com\/fr\/"},{"@type":"ListItem","position":2,"name":"Gli avvocati","item":"https:\/\/www.senaiplaw.com\/fr\/gli-avvocati\/"},{"@type":"ListItem","position":3,"name":"Giuseppe Sena"}]}]}},"_links":{"self":[{"href":"https:\/\/www.senaiplaw.com\/fr\/wp-json\/wp\/v2\/pages\/1320"}],"collection":[{"href":"https:\/\/www.senaiplaw.com\/fr\/wp-json\/wp\/v2\/pages"}],"about":[{"href":"https:\/\/www.senaiplaw.com\/fr\/wp-json\/wp\/v2\/types\/page"}],"author":[{"embeddable":true,"href":"https:\/\/www.senaiplaw.com\/fr\/wp-json\/wp\/v2\/users\/2"}],"replies":[{"embeddable":true,"href":"https:\/\/www.senaiplaw.com\/fr\/wp-json\/wp\/v2\/comments?post=1320"}],"version-history":[{"count":8,"href":"https:\/\/www.senaiplaw.com\/fr\/wp-json\/wp\/v2\/pages\/1320\/revisions"}],"predecessor-version":[{"id":2623,"href":"https:\/\/www.senaiplaw.com\/fr\/wp-json\/wp\/v2\/pages\/1320\/revisions\/2623"}],"up":[{"embeddable":true,"href":"https:\/\/www.senaiplaw.com\/fr\/wp-json\/wp\/v2\/pages\/935"}],"wp:attachment":[{"href":"https:\/\/www.senaiplaw.com\/fr\/wp-json\/wp\/v2\/media?parent=1320"}],"curies":[{"name":"wp","href":"https:\/\/api.w.org\/{rel}","templated":true}]}}