{"id":975,"date":"2019-03-14T12:40:10","date_gmt":"2019-03-14T12:40:10","guid":{"rendered":"https:\/\/senaiplaw.com\/?page_id=975"},"modified":"2019-03-14T12:40:10","modified_gmt":"2019-03-14T12:40:10","slug":"pubblicita","status":"publish","type":"page","link":"https:\/\/www.senaiplaw.com\/fr\/attivita\/pubblicita\/","title":{"rendered":"Pubblicit\u00e0"},"content":{"rendered":"<p>[et_pb_section bb_built=\u00a0\u00bb1&Prime; specialty=\u00a0\u00bboff\u00a0\u00bb next_background_color=\u00a0\u00bb#ffffff\u00a0\u00bb _builder_version=\u00a0\u00bb3.19.4&Prime; background_color=\u00a0\u00bb#63262e\u00a0\u00bb][et_pb_row][et_pb_column type=\u00a0\u00bb4_4&Prime;][et_pb_text admin_label=\u00a0\u00bbTitolo attivit\u00e0\u00a0\u00bb _builder_version=\u00a0\u00bb3.20.1&Prime; background_layout=\u00a0\u00bbdark\u00a0\u00bb]<\/p>\n<h1>Publicit\u00e9<\/h1>\n<p>[\/et_pb_text][\/et_pb_column][\/et_pb_row][\/et_pb_section][et_pb_section bb_built=\u00a0\u00bb1&Prime; fullwidth=\u00a0\u00bboff\u00a0\u00bb specialty=\u00a0\u00bboff\u00a0\u00bb prev_background_color=\u00a0\u00bb#63262e\u00a0\u00bb next_background_color=\u00a0\u00bb#000000&Prime;][et_pb_row][et_pb_column type=\u00a0\u00bb4_4&Prime;][et_pb_text _builder_version=\u00a0\u00bb3.20.1&Prime;]<\/p>\n<p>Le Cabinet poss\u00e8de une vaste exp\u00e9rience dans la gestion des conflits en mati\u00e8re de publicit\u00e9 devant le Giur\u00ec dell&rsquo;Autodisciplina, l&rsquo;Autorit\u00e0 Garante, le TAR (Tribunal Administratif R\u00e9gional), le Conseil d&rsquo;Etat et les juridictions de droit commun.<\/p>\n<p>Pour le compte d&rsquo;acteurs majeurs dans tous les secteurs du march\u00e9, il a obtenu des r\u00e9sultats significatifs en mati\u00e8re de publicit\u00e9 trompeuse et comparative, ainsi que dans la protection des cr\u00e9ations publicitaires.<\/p>\n<p>Il g\u00e8re \u00e9galement tous les probl\u00e8mes li\u00e9s \u00e0 l&rsquo;information commerciale devant figurer sur l&#8217;emballage des produits et la communication relative \u00e0 ceux-ci, \u00e9galement en ce qui concerne la discipline sp\u00e9cifique du secteur (alimentaire, cosm\u00e9tique, pharmaceutique, etc&#8230;).<\/p>\n<p>[\/et_pb_text][\/et_pb_column][\/et_pb_row][\/et_pb_section][et_pb_section bb_built=\u00a0\u00bb1&Prime; admin_label=\u00a0\u00bbAttivit\u00f2\u00a0\u00bb _builder_version=\u00a0\u00bb3.19.4&Prime; custom_padding=\u00a0\u00bb100px||60px|\u00a0\u00bb module_id=\u00a0\u00bbservizi\u00a0\u00bb custom_padding_tablet=\u00a0\u00bb20px||60px|\u00a0\u00bb custom_padding_last_edited=\u00a0\u00bbon|tablet\u00a0\u00bb global_module=\u00a0\u00bb942&Prime; prev_background_color=\u00a0\u00bb#000000&Prime;][et_pb_row admin_label=\u00a0\u00bbService Area\u00a0\u00bb global_parent=\u00a0\u00bb942&Prime; _builder_version=\u00a0\u00bb3.19.4&Prime; locked=\u00a0\u00bboff\u00a0\u00bb custom_margin=\u00a0\u00bb0px||0px|\u00a0\u00bb custom_padding=\u00a0\u00bb0px||0px|\u00a0\u00bb][et_pb_column type=\u00a0\u00bb4_4&Prime;][et_pb_text admin_label=\u00a0\u00bbTitle\u00a0\u00bb global_parent=\u00a0\u00bb942&Prime; _builder_version=\u00a0\u00bb3.19.4&Prime; header_2_font=\u00a0\u00bbPrata||||||||\u00a0\u00bb header_2_text_align=\u00a0\u00bbcenter\u00a0\u00bb header_2_font_size=\u00a0\u00bb48px\u00a0\u00bb header_2_font_size_tablet=\u00a0\u00bb40px\u00a0\u00bb header_2_font_size_last_edited=\u00a0\u00bbon|tablet\u00a0\u00bb header_2_line_height=\u00a0\u00bb1.6em\u00a0\u00bb module_alignment=\u00a0\u00bbcenter\u00a0\u00bb custom_margin=\u00a0\u00bb||10px|\u00a0\u00bb custom_padding=\u00a0\u00bb|||\u00a0\u00bb animation_style=\u00a0\u00bbfade\u00a0\u00bb header_text_color=\u00a0\u00bb#333333&Prime; text_orientation=\u00a0\u00bbcenter\u00a0\u00bb]<\/p>\n<p>&nbsp;<\/p>\n<h3>Les domaines d&rsquo;activit\u00e9<\/h3>\n<p>&nbsp;<\/p>\n<p>[\/et_pb_text][et_pb_divider global_parent=\u00a0\u00bb942&Prime; divider_position=\u00a0\u00bbcenter\u00a0\u00bb divider_weight=\u00a0\u00bb2px\u00a0\u00bb _builder_version=\u00a0\u00bb3.19.4&Prime; max_width=\u00a0\u00bb70px\u00a0\u00bb module_alignment=\u00a0\u00bbcenter\u00a0\u00bb animation_style=\u00a0\u00bbslide\u00a0\u00bb animation_direction=\u00a0\u00bbtop\u00a0\u00bb animation_intensity_slide=\u00a0\u00bb10%\u00a0\u00bb animation_starting_opacity=\u00a0\u00bb100%\u00a0\u00bb locked=\u00a0\u00bboff\u00a0\u00bb color=\u00a0\u00bb#b57d88&Prime; \/][\/et_pb_column][\/et_pb_row][et_pb_row admin_label=\u00a0\u00bbService Area\u00a0\u00bb global_parent=\u00a0\u00bb942&Prime; _builder_version=\u00a0\u00bb3.0.82&Prime; locked=\u00a0\u00bboff\u00a0\u00bb][et_pb_column type=\u00a0\u00bb1_3&Prime;][et_pb_blurb admin_label=\u00a0\u00bbSegni distintivi\u00a0\u00bb global_parent=\u00a0\u00bb942&Prime; title=\u00a0\u00bbSignes distinctifs\u00a0\u00bb font_icon=\u00a0\u00bb%%126%%\u00a0\u00bb content_max_width=\u00a0\u00bb300px\u00a0\u00bb use_icon_font_size=\u00a0\u00bbon\u00a0\u00bb icon_font_size=\u00a0\u00bb42px\u00a0\u00bb _builder_version=\u00a0\u00bb3.19.4&Prime; header_font_size=\u00a0\u00bb20px\u00a0\u00bb header_line_height=\u00a0\u00bb1.8em\u00a0\u00bb body_font_size=\u00a0\u00bb16px\u00a0\u00bb body_line_height=\u00a0\u00bb1.8em\u00a0\u00bb text_orientation=\u00a0\u00bbcenter\u00a0\u00bb animation_style=\u00a0\u00bbfade\u00a0\u00bb header_text_color=\u00a0\u00bb#a42229&Prime; link_option_url=\u00a0\u00bb\/fr\/attivita\/segni-distintivi\/\u00a0\u00bb image=\u00a0\u00bbhttps:\/\/senaiplaw.com\/wp-content\/uploads\/2019\/02\/marchio.svg\u00a0\u00bb custom_css_blurb_image=\u00a0\u00bbmax-height:40px;\u00a0\u00bb]<\/p>\n<p>Dans tous les secteurs de march\u00e9, il apporte une aide pour la valorisation des signes distinctifs.<\/p>\n<p>[\/et_pb_blurb][\/et_pb_column][et_pb_column type=\u00a0\u00bb1_3&Prime;][et_pb_blurb admin_label=\u00a0\u00bbDiritto d&rsquo;Autore\u00a0\u00bb global_parent=\u00a0\u00bb942&Prime; title=\u00a0\u00bbDroit d&rsquo;auteur\u00a0\u00bb font_icon=\u00a0\u00bb%%93%%\u00a0\u00bb content_max_width=\u00a0\u00bb300px\u00a0\u00bb use_icon_font_size=\u00a0\u00bbon\u00a0\u00bb icon_font_size=\u00a0\u00bb42px\u00a0\u00bb _builder_version=\u00a0\u00bb3.19.4&Prime; header_font_size=\u00a0\u00bb20px\u00a0\u00bb header_line_height=\u00a0\u00bb1.8em\u00a0\u00bb body_font_size=\u00a0\u00bb16px\u00a0\u00bb body_line_height=\u00a0\u00bb1.8em\u00a0\u00bb text_orientation=\u00a0\u00bbcenter\u00a0\u00bb animation_style=\u00a0\u00bbfade\u00a0\u00bb locked=\u00a0\u00bboff\u00a0\u00bb header_text_color=\u00a0\u00bb#a42229&Prime; link_option_url=\u00a0\u00bb\/fr\/attivita\/diritto-dautore\/\u00a0\u00bb image=\u00a0\u00bbhttps:\/\/senaiplaw.com\/wp-content\/uploads\/2019\/02\/autori.svg\u00a0\u00bb]<\/p>\n<p>Dans le domaine du droit d&rsquo;auteur, le Cabinet oeuvre pour la protection des plus importants journaux nationaux et de l&rsquo;\u00e9dition.<\/p>\n<p>[\/et_pb_blurb][\/et_pb_column][et_pb_column type=\u00a0\u00bb1_3&Prime;][et_pb_blurb admin_label=\u00a0\u00bbBrevetti\u00a0\u00bb global_parent=\u00a0\u00bb942&Prime; title=\u00a0\u00bbBrevets\u00a0\u00bb font_icon=\u00a0\u00bb%%72%%\u00a0\u00bb content_max_width=\u00a0\u00bb300px\u00a0\u00bb use_icon_font_size=\u00a0\u00bbon\u00a0\u00bb icon_font_size=\u00a0\u00bb42px\u00a0\u00bb _builder_version=\u00a0\u00bb3.19.4&Prime; header_font_size=\u00a0\u00bb20px\u00a0\u00bb header_line_height=\u00a0\u00bb1.8em\u00a0\u00bb body_font_size=\u00a0\u00bb16px\u00a0\u00bb body_line_height=\u00a0\u00bb1.8em\u00a0\u00bb text_orientation=\u00a0\u00bbcenter\u00a0\u00bb animation_style=\u00a0\u00bbfade\u00a0\u00bb locked=\u00a0\u00bboff\u00a0\u00bb header_text_color=\u00a0\u00bb#a42229&Prime; link_option_url=\u00a0\u00bb\/fr\/attivita\/brevetti\/\u00a0\u00bb image=\u00a0\u00bbhttps:\/\/senaiplaw.com\/wp-content\/uploads\/2019\/02\/idee.svg\u00a0\u00bb]<\/p>\n<p>le Cabinet exerce ses activit\u00e9s dans tous les secteurs du march\u00e9, de la m\u00e9canique \u00e0 la chimie, des produits pharmaceutiques \u00e0 la biotechnologie, de l&rsquo;\u00e9lectronique \u00e0 l&rsquo;informatique.<\/p>\n<p>[\/et_pb_blurb][\/et_pb_column][\/et_pb_row][et_pb_row admin_label=\u00a0\u00bbService Area\u00a0\u00bb global_parent=\u00a0\u00bb942&Prime; _builder_version=\u00a0\u00bb3.19.4&Prime; locked=\u00a0\u00bboff\u00a0\u00bb custom_margin=\u00a0\u00bb0px||0px|\u00a0\u00bb custom_padding=\u00a0\u00bb0px||0px|\u00a0\u00bb][et_pb_column type=\u00a0\u00bb1_3&Prime;][et_pb_blurb admin_label=\u00a0\u00bbDisegni e Modelli\u00a0\u00bb global_parent=\u00a0\u00bb942&Prime; title=\u00a0\u00bbDessins et mod\u00e8les\u00a0\u00bb font_icon=\u00a0\u00bb%%102%%\u00a0\u00bb content_max_width=\u00a0\u00bb300px\u00a0\u00bb use_icon_font_size=\u00a0\u00bbon\u00a0\u00bb icon_font_size=\u00a0\u00bb42px\u00a0\u00bb _builder_version=\u00a0\u00bb3.19.4&Prime; header_font_size=\u00a0\u00bb20px\u00a0\u00bb header_line_height=\u00a0\u00bb1.8em\u00a0\u00bb body_font_size=\u00a0\u00bb16px\u00a0\u00bb body_line_height=\u00a0\u00bb1.8em\u00a0\u00bb text_orientation=\u00a0\u00bbcenter\u00a0\u00bb animation_style=\u00a0\u00bbfade\u00a0\u00bb header_text_color=\u00a0\u00bb#a42229&Prime; link_option_url=\u00a0\u00bb\/fr\/attivita\/disegni-e-modelli\/\u00a0\u00bb image=\u00a0\u00bbhttps:\/\/senaiplaw.com\/wp-content\/uploads\/2019\/02\/disegni.svg\u00a0\u00bb]<\/p>\n<p>le Cabinnet est particuli\u00e8rement actif dans la protection de l&rsquo;aspect du produit industriel.<\/p>\n<p>[\/et_pb_blurb][\/et_pb_column][et_pb_column type=\u00a0\u00bb1_3&Prime;][et_pb_blurb admin_label=\u00a0\u00bbDenominazioni d&rsquo;origine ed indicazioni geografiche\u00a0\u00bb global_parent=\u00a0\u00bb942&Prime; title=\u00a0\u00bbAppellations d&rsquo;origine et indications g\u00e9ographiques\u00a0\u00bb font_icon=\u00a0\u00bb%%155%%\u00a0\u00bb content_max_width=\u00a0\u00bb300px\u00a0\u00bb use_icon_font_size=\u00a0\u00bbon\u00a0\u00bb icon_font_size=\u00a0\u00bb42px\u00a0\u00bb _builder_version=\u00a0\u00bb3.19.4&Prime; header_font_size=\u00a0\u00bb20px\u00a0\u00bb header_line_height=\u00a0\u00bb1.8em\u00a0\u00bb body_font_size=\u00a0\u00bb16px\u00a0\u00bb body_line_height=\u00a0\u00bb1.8em\u00a0\u00bb text_orientation=\u00a0\u00bbcenter\u00a0\u00bb animation_style=\u00a0\u00bbfade\u00a0\u00bb locked=\u00a0\u00bboff\u00a0\u00bb header_text_color=\u00a0\u00bb#a42229&Prime; link_option_url=\u00a0\u00bb\/fr\/attivita\/denominazioni-dorigine-ed-indicazioni-geografiche\/\u00a0\u00bb image=\u00a0\u00bbhttps:\/\/senaiplaw.com\/wp-content\/uploads\/2019\/02\/originecontrollata.svg\u00a0\u00bb]<\/p>\n<p>Le Cabinet poss\u00e8de une vaste exp\u00e9rience dans le domaine de la protection des d\u00e9nominations d&rsquo;origine des indications g\u00e9ographiques.<\/p>\n<p>[\/et_pb_blurb][\/et_pb_column][et_pb_column type=\u00a0\u00bb1_3&Prime;][et_pb_blurb admin_label=\u00a0\u00bbPubblicit\u00e0\u00a0\u00bb global_parent=\u00a0\u00bb942&Prime; title=\u00a0\u00bbPublicit\u00e9\u00a0\u00bb font_icon=\u00a0\u00bb%%158%%\u00a0\u00bb content_max_width=\u00a0\u00bb300px\u00a0\u00bb use_icon_font_size=\u00a0\u00bbon\u00a0\u00bb icon_font_size=\u00a0\u00bb42px\u00a0\u00bb _builder_version=\u00a0\u00bb3.19.4&Prime; header_font_size=\u00a0\u00bb20px\u00a0\u00bb header_line_height=\u00a0\u00bb1.8em\u00a0\u00bb body_font_size=\u00a0\u00bb16px\u00a0\u00bb body_line_height=\u00a0\u00bb1.8em\u00a0\u00bb text_orientation=\u00a0\u00bbcenter\u00a0\u00bb animation_style=\u00a0\u00bbfade\u00a0\u00bb locked=\u00a0\u00bboff\u00a0\u00bb header_text_color=\u00a0\u00bb#a42229&Prime; link_option_url=\u00a0\u00bb\/fr\/attivita\/pubblicita\/\u00a0\u00bb image=\u00a0\u00bbhttps:\/\/senaiplaw.com\/wp-content\/uploads\/2019\/02\/pubblicita.svg\u00a0\u00bb]<\/p>\n<p>Le Cabinet poss\u00e8de une vaste exp\u00e9rience dans la gestion des conflits en mati\u00e8re de publicit\u00e9 devant le Giur\u00ec dell&rsquo;Autodisciplina, l&rsquo;Autorit\u00e0 Garante, le TAR, le Conseil d&rsquo;Etat et les juridictions de droit commun.<\/p>\n<p>[\/et_pb_blurb][\/et_pb_column][\/et_pb_row][et_pb_row admin_label=\u00a0\u00bbService Area\u00a0\u00bb global_parent=\u00a0\u00bb942&Prime; _builder_version=\u00a0\u00bb3.19.4&Prime; custom_margin=\u00a0\u00bb0px||0px|\u00a0\u00bb custom_padding=\u00a0\u00bb0px||0px|\u00a0\u00bb][et_pb_column type=\u00a0\u00bb1_3&Prime;][et_pb_blurb admin_label=\u00a0\u00bbConcorrenza e normativa antitrust\u00a0\u00bb global_parent=\u00a0\u00bb942&Prime; title=\u00a0\u00bbConcurrence et r\u00e9glementation antitrust\u00a0\u00bb font_icon=\u00a0\u00bb%%102%%\u00a0\u00bb content_max_width=\u00a0\u00bb300px\u00a0\u00bb use_icon_font_size=\u00a0\u00bbon\u00a0\u00bb icon_font_size=\u00a0\u00bb42px\u00a0\u00bb _builder_version=\u00a0\u00bb3.19.4&Prime; header_font_size=\u00a0\u00bb20px\u00a0\u00bb header_line_height=\u00a0\u00bb1.8em\u00a0\u00bb body_font_size=\u00a0\u00bb16px\u00a0\u00bb body_line_height=\u00a0\u00bb1.8em\u00a0\u00bb text_orientation=\u00a0\u00bbcenter\u00a0\u00bb animation_style=\u00a0\u00bbfade\u00a0\u00bb header_text_color=\u00a0\u00bb#a42229&Prime; link_option_url=\u00a0\u00bb\/fr\/attivita\/concorrenza-e-normativa-antitrust\/\u00a0\u00bb image=\u00a0\u00bbhttps:\/\/senaiplaw.com\/wp-content\/uploads\/2019\/02\/diritto-autore-5c59b88d931d9.svg\u00a0\u00bb]<\/p>\n<p>e Cabinet a suivi des litiges aussi bien au niveau national que communautaire dans le domaine de la mesure de l&rsquo;audience des programmes t\u00e9l\u00e9vis\u00e9s et des t\u00e9l\u00e9communications.<\/p>\n<p>[\/et_pb_blurb][\/et_pb_column][et_pb_column type=\u00a0\u00bb1_3&Prime;][et_pb_blurb admin_label=\u00a0\u00bbStrategia anticontraffazione\u00a0\u00bb global_parent=\u00a0\u00bb942&Prime; title=\u00a0\u00bbStrat\u00e9gie anti-contrefa\u00e7on\u00a0\u00bb font_icon=\u00a0\u00bb%%155%%\u00a0\u00bb content_max_width=\u00a0\u00bb300px\u00a0\u00bb use_icon_font_size=\u00a0\u00bbon\u00a0\u00bb icon_font_size=\u00a0\u00bb42px\u00a0\u00bb _builder_version=\u00a0\u00bb3.19.4&Prime; header_font_size=\u00a0\u00bb20px\u00a0\u00bb header_line_height=\u00a0\u00bb1.8em\u00a0\u00bb body_font_size=\u00a0\u00bb16px\u00a0\u00bb body_line_height=\u00a0\u00bb1.8em\u00a0\u00bb text_orientation=\u00a0\u00bbcenter\u00a0\u00bb animation_style=\u00a0\u00bbfade\u00a0\u00bb locked=\u00a0\u00bboff\u00a0\u00bb header_text_color=\u00a0\u00bb#a42229&Prime; link_option_url=\u00a0\u00bb\/fr\/attivita\/strategia-anticontraffazione\/\u00a0\u00bb image=\u00a0\u00bbhttps:\/\/senaiplaw.com\/wp-content\/uploads\/2019\/02\/infrangimento.svg\u00a0\u00bb]<\/p>\n<p>Le Cabinet a une exp\u00e9rience importante en mati\u00e8re de lutte contre la contrefa\u00e7on.<\/p>\n<p>[\/et_pb_blurb][\/et_pb_column][et_pb_column type=\u00a0\u00bb1_3&Prime;][\/et_pb_column][\/et_pb_row][\/et_pb_section]<\/p>\n","protected":false},"excerpt":{"rendered":"<p><div class=\"et_pb_row et_pb_row_0 et_pb_row_empty\">\n\t\t\t\t\n\t\t\t\t\n\t\t\t\t\n\t\t\t\t\n\t\t\t\t\n\t\t\t<\/div> Publicit\u00e9 <div class=\"et_pb_row et_pb_row_1 et_pb_row_empty\">\n\t\t\t\t\n\t\t\t\t\n\t\t\t\t\n\t\t\t\t\n\t\t\t\t\n\t\t\t<\/div> Le Cabinet poss\u00e8de une vaste exp\u00e9rience dans la gestion des conflits en mati\u00e8re de publicit\u00e9 devant le Giur\u00ec dell&rsquo;Autodisciplina, l&rsquo;Autorit\u00e0 Garante, le TAR (Tribunal Administratif R\u00e9gional), le Conseil d&rsquo;Etat et les juridictions de droit commun. Pour le compte d&rsquo;acteurs majeurs dans tous les secteurs du march\u00e9, il a obtenu des r\u00e9sultats significatifs [&hellip;]<\/p>\n","protected":false},"author":2,"featured_media":0,"parent":938,"menu_order":60,"comment_status":"closed","ping_status":"closed","template":"","meta":{"_et_pb_use_builder":"on","_et_pb_old_content":"","_et_gb_content_width":""},"yoast_head":"<!-- This site is optimized with the Yoast SEO plugin v18.2 - https:\/\/yoast.com\/wordpress\/plugins\/seo\/ -->\n<title>Pubblicit\u00e0 - Sena &amp; Partners<\/title>\n<meta name=\"robots\" content=\"index, follow, max-snippet:-1, max-image-preview:large, max-video-preview:-1\" \/>\n<link rel=\"canonical\" href=\"https:\/\/senaiplaw.com\/fr\/attivita\/pubblicita\/\" \/>\n<meta property=\"og:locale\" content=\"fr_FR\" \/>\n<meta property=\"og:type\" content=\"article\" \/>\n<meta property=\"og:title\" content=\"Pubblicit\u00e0 - Sena &amp; Partners\" \/>\n<meta property=\"og:description\" content=\"Publicit\u00e9 Le Cabinet poss\u00e8de une vaste exp\u00e9rience dans la gestion des conflits en mati\u00e8re de publicit\u00e9 devant le Giur\u00ec dell&#039;Autodisciplina, l&#039;Autorit\u00e0 Garante, le TAR (Tribunal Administratif R\u00e9gional), le Conseil d&#039;Etat et les juridictions de droit commun. Pour le compte d&#039;acteurs majeurs dans tous les secteurs du march\u00e9, il a obtenu des r\u00e9sultats significatifs [&hellip;]\" \/>\n<meta property=\"og:url\" content=\"https:\/\/senaiplaw.com\/fr\/attivita\/pubblicita\/\" \/>\n<meta property=\"og:site_name\" content=\"Sena &amp; Partners\" \/>\n<meta property=\"og:image\" content=\"https:\/\/www.senaiplaw.com\/wp-content\/uploads\/2021\/01\/Sena.jpg\" \/>\n\t<meta property=\"og:image:width\" content=\"1200\" \/>\n\t<meta property=\"og:image:height\" content=\"1200\" \/>\n\t<meta property=\"og:image:type\" content=\"image\/jpeg\" \/>\n<meta name=\"twitter:card\" content=\"summary_large_image\" \/>\n<meta name=\"twitter:label1\" content=\"Dur\u00e9e de lecture estim\u00e9e\" \/>\n\t<meta name=\"twitter:data1\" content=\"6 minutes\" \/>\n<script type=\"application\/ld+json\" class=\"yoast-schema-graph\">{\"@context\":\"https:\/\/schema.org\",\"@graph\":[{\"@type\":\"Organization\",\"@id\":\"https:\/\/senaiplaw.com\/en\/#organization\",\"name\":\"Studio Sena & Partners\",\"url\":\"https:\/\/senaiplaw.com\/en\/\",\"sameAs\":[],\"logo\":{\"@type\":\"ImageObject\",\"@id\":\"https:\/\/senaiplaw.com\/en\/#logo\",\"inLanguage\":\"fr-FR\",\"url\":\"https:\/\/senaiplaw.com\/wp-content\/uploads\/2021\/01\/SenaPartners.svg\",\"contentUrl\":\"https:\/\/senaiplaw.com\/wp-content\/uploads\/2021\/01\/SenaPartners.svg\",\"width\":448,\"height\":34,\"caption\":\"Studio Sena & Partners\"},\"image\":{\"@id\":\"https:\/\/senaiplaw.com\/en\/#logo\"}},{\"@type\":\"WebSite\",\"@id\":\"https:\/\/senaiplaw.com\/en\/#website\",\"url\":\"https:\/\/senaiplaw.com\/en\/\",\"name\":\"Sena &amp; Partners\",\"description\":\"Studio legale\",\"publisher\":{\"@id\":\"https:\/\/senaiplaw.com\/en\/#organization\"},\"potentialAction\":[{\"@type\":\"SearchAction\",\"target\":{\"@type\":\"EntryPoint\",\"urlTemplate\":\"https:\/\/senaiplaw.com\/en\/?s={search_term_string}\"},\"query-input\":\"required name=search_term_string\"}],\"inLanguage\":\"fr-FR\"},{\"@type\":\"WebPage\",\"@id\":\"https:\/\/senaiplaw.com\/fr\/attivita\/pubblicita\/#webpage\",\"url\":\"https:\/\/senaiplaw.com\/fr\/attivita\/pubblicita\/\",\"name\":\"Pubblicit\u00e0 - Sena &amp; Partners\",\"isPartOf\":{\"@id\":\"https:\/\/senaiplaw.com\/en\/#website\"},\"datePublished\":\"2019-03-14T12:40:10+00:00\",\"dateModified\":\"2019-03-14T12:40:10+00:00\",\"breadcrumb\":{\"@id\":\"https:\/\/senaiplaw.com\/fr\/attivita\/pubblicita\/#breadcrumb\"},\"inLanguage\":\"fr-FR\",\"potentialAction\":[{\"@type\":\"ReadAction\",\"target\":[\"https:\/\/senaiplaw.com\/fr\/attivita\/pubblicita\/\"]}]},{\"@type\":\"BreadcrumbList\",\"@id\":\"https:\/\/senaiplaw.com\/fr\/attivita\/pubblicita\/#breadcrumb\",\"itemListElement\":[{\"@type\":\"ListItem\",\"position\":1,\"name\":\"Home\",\"item\":\"https:\/\/senatarchinicom.kinsta.cloud\/fr\/\"},{\"@type\":\"ListItem\",\"position\":2,\"name\":\"Attivit\u00e0\",\"item\":\"https:\/\/senaiplaw.com\/fr\/attivita\/\"},{\"@type\":\"ListItem\",\"position\":3,\"name\":\"Pubblicit\u00e0\"}]}]}<\/script>\n<!-- \/ Yoast SEO plugin. -->","yoast_head_json":{"title":"Pubblicit\u00e0 - Sena &amp; Partners","robots":{"index":"index","follow":"follow","max-snippet":"max-snippet:-1","max-image-preview":"max-image-preview:large","max-video-preview":"max-video-preview:-1"},"canonical":"https:\/\/senaiplaw.com\/fr\/attivita\/pubblicita\/","og_locale":"fr_FR","og_type":"article","og_title":"Pubblicit\u00e0 - Sena &amp; Partners","og_description":"Publicit\u00e9 Le Cabinet poss\u00e8de une vaste exp\u00e9rience dans la gestion des conflits en mati\u00e8re de publicit\u00e9 devant le Giur\u00ec dell'Autodisciplina, l'Autorit\u00e0 Garante, le TAR (Tribunal Administratif R\u00e9gional), le Conseil d'Etat et les juridictions de droit commun. Pour le compte d'acteurs majeurs dans tous les secteurs du march\u00e9, il a obtenu des r\u00e9sultats significatifs [&hellip;]","og_url":"https:\/\/senaiplaw.com\/fr\/attivita\/pubblicita\/","og_site_name":"Sena &amp; Partners","og_image":[{"width":1200,"height":1200,"url":"https:\/\/www.senaiplaw.com\/wp-content\/uploads\/2021\/01\/Sena.jpg","type":"image\/jpeg"}],"twitter_card":"summary_large_image","twitter_misc":{"Dur\u00e9e de lecture estim\u00e9e":"6 minutes"},"schema":{"@context":"https:\/\/schema.org","@graph":[{"@type":"Organization","@id":"https:\/\/senaiplaw.com\/en\/#organization","name":"Studio Sena & Partners","url":"https:\/\/senaiplaw.com\/en\/","sameAs":[],"logo":{"@type":"ImageObject","@id":"https:\/\/senaiplaw.com\/en\/#logo","inLanguage":"fr-FR","url":"https:\/\/senaiplaw.com\/wp-content\/uploads\/2021\/01\/SenaPartners.svg","contentUrl":"https:\/\/senaiplaw.com\/wp-content\/uploads\/2021\/01\/SenaPartners.svg","width":448,"height":34,"caption":"Studio Sena & Partners"},"image":{"@id":"https:\/\/senaiplaw.com\/en\/#logo"}},{"@type":"WebSite","@id":"https:\/\/senaiplaw.com\/en\/#website","url":"https:\/\/senaiplaw.com\/en\/","name":"Sena &amp; Partners","description":"Studio legale","publisher":{"@id":"https:\/\/senaiplaw.com\/en\/#organization"},"potentialAction":[{"@type":"SearchAction","target":{"@type":"EntryPoint","urlTemplate":"https:\/\/senaiplaw.com\/en\/?s={search_term_string}"},"query-input":"required name=search_term_string"}],"inLanguage":"fr-FR"},{"@type":"WebPage","@id":"https:\/\/senaiplaw.com\/fr\/attivita\/pubblicita\/#webpage","url":"https:\/\/senaiplaw.com\/fr\/attivita\/pubblicita\/","name":"Pubblicit\u00e0 - Sena &amp; Partners","isPartOf":{"@id":"https:\/\/senaiplaw.com\/en\/#website"},"datePublished":"2019-03-14T12:40:10+00:00","dateModified":"2019-03-14T12:40:10+00:00","breadcrumb":{"@id":"https:\/\/senaiplaw.com\/fr\/attivita\/pubblicita\/#breadcrumb"},"inLanguage":"fr-FR","potentialAction":[{"@type":"ReadAction","target":["https:\/\/senaiplaw.com\/fr\/attivita\/pubblicita\/"]}]},{"@type":"BreadcrumbList","@id":"https:\/\/senaiplaw.com\/fr\/attivita\/pubblicita\/#breadcrumb","itemListElement":[{"@type":"ListItem","position":1,"name":"Home","item":"https:\/\/senatarchinicom.kinsta.cloud\/fr\/"},{"@type":"ListItem","position":2,"name":"Attivit\u00e0","item":"https:\/\/senaiplaw.com\/fr\/attivita\/"},{"@type":"ListItem","position":3,"name":"Pubblicit\u00e0"}]}]}},"_links":{"self":[{"href":"https:\/\/www.senaiplaw.com\/fr\/wp-json\/wp\/v2\/pages\/975"}],"collection":[{"href":"https:\/\/www.senaiplaw.com\/fr\/wp-json\/wp\/v2\/pages"}],"about":[{"href":"https:\/\/www.senaiplaw.com\/fr\/wp-json\/wp\/v2\/types\/page"}],"author":[{"embeddable":true,"href":"https:\/\/www.senaiplaw.com\/fr\/wp-json\/wp\/v2\/users\/2"}],"replies":[{"embeddable":true,"href":"https:\/\/www.senaiplaw.com\/fr\/wp-json\/wp\/v2\/comments?post=975"}],"version-history":[{"count":3,"href":"https:\/\/www.senaiplaw.com\/fr\/wp-json\/wp\/v2\/pages\/975\/revisions"}],"predecessor-version":[{"id":1457,"href":"https:\/\/www.senaiplaw.com\/fr\/wp-json\/wp\/v2\/pages\/975\/revisions\/1457"}],"up":[{"embeddable":true,"href":"https:\/\/www.senaiplaw.com\/fr\/wp-json\/wp\/v2\/pages\/938"}],"wp:attachment":[{"href":"https:\/\/www.senaiplaw.com\/fr\/wp-json\/wp\/v2\/media?parent=975"}],"curies":[{"name":"wp","href":"https:\/\/api.w.org\/{rel}","templated":true}]}}